{"id":6978,"date":"2023-08-20T10:02:29","date_gmt":"2023-08-20T10:02:29","guid":{"rendered":"https:\/\/www.hog.hr\/?page_id=6978"},"modified":"2023-08-30T19:05:32","modified_gmt":"2023-08-30T19:05:32","slug":"politika-privatnosti","status":"publish","type":"page","link":"https:\/\/hog.hr\/hr\/politika-privatnosti\/","title":{"rendered":"Politika privatnosti"},"content":{"rendered":"<div data-elementor-type=\"wp-page\" data-elementor-id=\"6978\" class=\"elementor elementor-6978\" data-elementor-post-type=\"page\">\n\t\t\t\t<div class=\"elementor-element elementor-element-82a628b e-flex e-con-boxed e-con e-parent\" data-id=\"82a628b\" data-element_type=\"container\" data-e-type=\"container\" data-settings=\"{&quot;background_background&quot;:&quot;classic&quot;,&quot;jet_parallax_layout_list&quot;:[]}\">\n\t\t\t\t\t<div class=\"e-con-inner\">\n\t\t\t\t<div class=\"elementor-element elementor-element-0795538 elementor-widget elementor-widget-heading\" data-id=\"0795538\" data-element_type=\"widget\" data-e-type=\"widget\" data-settings=\"{&quot;ekit_we_effect_on&quot;:&quot;none&quot;}\" data-widget_type=\"heading.default\">\n\t\t\t\t<div class=\"elementor-widget-container\">\n\t\t\t\t\t<h2 class=\"elementor-heading-title elementor-size-default\">Politika privatnosti<\/h2>\t\t\t\t<\/div>\n\t\t\t\t<\/div>\n\t\t\t\t\t<\/div>\n\t\t\t\t<\/div>\n\t\t<div class=\"elementor-element elementor-element-1afcce8 e-flex e-con-boxed e-con e-parent\" data-id=\"1afcce8\" data-element_type=\"container\" data-e-type=\"container\" data-settings=\"{&quot;jet_parallax_layout_list&quot;:[]}\">\n\t\t\t\t\t<div class=\"e-con-inner\">\n\t\t\t\t<div class=\"elementor-element elementor-element-629d19c elementor-widget__width-initial elementor-widget-mobile__width-initial elementor-widget elementor-widget-text-editor\" data-id=\"629d19c\" data-element_type=\"widget\" data-e-type=\"widget\" data-settings=\"{&quot;ekit_we_effect_on&quot;:&quot;none&quot;}\" data-widget_type=\"text-editor.default\">\n\t\t\t\t<div class=\"elementor-widget-container\">\n\t\t\t\t\t\t\t\t\t<p>Hall of Game d.o.o. (u daljnjem tekstu &#8220;mi&#8221;, &#8220;nas&#8221;, &#8220;na\u0161&#8221; itd.) je vlasnik web stranice hallofgame.hr (&#8220;web stranica&#8221;).<\/p><p>Na\u0161a Pravila privatnosti ovdje su kako bismo pokazali da brinemo o privatnosti na\u0161ih korisnika te ih informirali o na\u010dinima na koje prikupljamo i obra\u0111ujemo osobne podatke na ovoj web stranici.<\/p><p>Pa\u017eljivo pro\u010ditajte ovu Politiku kako biste razumjeli kako prikupljamo, obra\u0111ujemo, \u0161titimo ili na drugi na\u010din koristimo va\u0161e osobne podatke.<\/p><h5><strong>PRIKUPLJANJE PODATAKA <\/strong><\/h5><p>Osobni podaci podrazumijevaju sve informacije koje se odnose na identificiranu ili fizi\u010dku osobu koja se mo\u017ee identificirati. Fizi\u010dka osoba koja se mo\u017ee identificirati je ona koja se mo\u017ee identificirati, izravno ili neizravno, posebno upu\u0107ivanjem na identifikator kao \u0161to je ime, identifikacijski broj, podaci o lokaciji, mre\u017eni identifikator ili na jedan ili vi\u0161e \u010dimbenika specifi\u010dnih za fizi\u010dko, fiziolo\u0161ko, genetski, mentalni, ekonomski, kulturni ili dru\u0161tveni identitet te fizi\u010dke osobe.<\/p><p>Va\u0161e osobne podatke prikupljamo samo kada nam ih dobrovoljno date. Prikupljamo podatke o vama kada ispunite obrazac.<\/p><p>Prava nositelja podataka definirana su evidencijom osobnih podataka.<\/p><p>Trebali biste biti svjesni da se neosobne informacije i podaci mogu automatski prikupljati putem na\u0161ih internetskih poslu\u017eitelja ili kori\u0161tenjem &#8220;kola\u010di\u0107a&#8221;.<\/p><p>Primjeri informacija o va\u0161em kori\u0161tenju stranice uklju\u010duju: najposje\u0107enije i najgledanije stranice i poveznice na na\u0161oj web stranici, broj ispunjenih obrazaca, vrijeme provedeno na stranici, najpopularnije klju\u010dne rije\u010di koje vode korisnike na na\u0161u stranicu, va\u0161 IP adresu, informacije prikupljene putem kola\u010di\u0107a, podatke o va\u0161em ure\u0111aju kao \u0161to su hardverske postavke, aktivnosti sustava, vrste kori\u0161tenih preglednika itd.<\/p><h5>OBRADA PODATAKA<\/h5><p><strong> Podatke koje primamo o vama koristimo u jednu ili vi\u0161e od sljede\u0107ih svrha:<\/strong><\/p><p>Za personalizaciju va\u0161eg korisni\u010dkog iskustva (prikupljeni podaci poma\u017eu nam da bolje odgovorimo na va\u0161e individualne potrebe); Za pobolj\u0161anje na\u0161e web stranice (stalno nastojimo pobolj\u0161ati ponudu na\u0161e web stranice na temelju povratnih informacija koje dobivamo od na\u0161ih posjetitelja); Za uspostavljanje primarnog kanala komunikacije sa vama; Za povremeno slanje e-mailova (informacija o sli\u010dnim proizvodima ili uslugama); Veze tre\u0107im stranama Na na\u0161oj web stranici ne nudimo niti pru\u017eamo proizvode ili usluge tre\u0107ih strana.<\/p><h5>ZA\u0160TITA VA\u0160IH PODATAKA<\/h5><p>Kako bismo za\u0161titili osobne podatke koje \u0161aljete putem ove web stranice, koristimo fizi\u010dke, tehni\u010dke i organizacijske sigurnosne mjere. Kontinuirano nadogra\u0111ujemo i testiramo na\u0161u sigurnosnu tehnologiju. Ograni\u010davamo pristup va\u0161im osobnim podacima samo na one zaposlenike koji trebaju znati te podatke kako bi vam pru\u017eili neke pogodnosti ili usluge. Osim toga, svoje zaposlenike educiramo o va\u017enosti povjerljivosti podataka i za\u0161titi va\u0161e privatnosti.<\/p><p>Razdoblje pohrane i zadr\u017eavanja podataka Va\u0161e osobne podatke \u010duvamo i \u0161titimo za vrijeme trajanja va\u0161eg poslovnog odnosa s nama. Osobni podaci koje ste nam dostavili u poslovne ili kontaktne svrhe redovito se bri\u0161u 12 mjeseci nakon dana kada ste nam dostavili te podatke, osim ako zakon ne zahtijeva da takve podatke \u010duvamo du\u017ee razdoblje.<\/p><p>Individualna prava Ako se \u017eelite raspitati o obradi va\u0161ih osobnih podataka ili zatra\u017eiti pristup osobnim podacima koje imamo o vama, kontaktirajte nas putem sljede\u0107ih podataka za kontakt:<\/p><p>Email address: info@hog.hr<\/p>\t\t\t\t\t\t\t\t<\/div>\n\t\t\t\t<\/div>\n\t\t\t\t\t<\/div>\n\t\t\t\t<\/div>\n\t\t\t\t<\/div>","protected":false},"excerpt":{"rendered":"<p>Politika privatnosti Hall of Game d.o.o. (u daljnjem tekstu &#8220;mi&#8221;, &#8220;nas&#8221;, &#8220;na\u0161&#8221; itd.) je vlasnik web stranice hallofgame.hr (&#8220;web stranica&#8221;). Na\u0161a Pravila privatnosti ovdje su kako bismo pokazali da brinemo o privatnosti na\u0161ih korisnika te ih informirali o na\u010dinima na koje prikupljamo i obra\u0111ujemo osobne podatke na ovoj web stranici. Pa\u017eljivo pro\u010ditajte ovu Politiku kako [&hellip;]<\/p>\n","protected":false},"author":1,"featured_media":0,"parent":0,"menu_order":0,"comment_status":"closed","ping_status":"closed","template":"","meta":{"_eb_attr":"","footnotes":""},"class_list":["post-6978","page","type-page","status-publish","hentry"],"yoast_head":"<!-- This site is optimized with the Yoast SEO plugin v27.2 - https:\/\/yoast.com\/product\/yoast-seo-wordpress\/ -->\n<title>Politika privatnosti - HOG - Hall Of Gaming<\/title>\n<meta name=\"robots\" content=\"index, follow, max-snippet:-1, max-image-preview:large, max-video-preview:-1\" \/>\n<link rel=\"canonical\" href=\"https:\/\/hog.hr\/hr\/politika-privatnosti\/\" \/>\n<meta property=\"og:locale\" content=\"hr_HR\" \/>\n<meta property=\"og:type\" content=\"article\" \/>\n<meta property=\"og:title\" content=\"Politika privatnosti - HOG - Hall Of Gaming\" \/>\n<meta property=\"og:description\" content=\"Politika privatnosti Hall of Game d.o.o. (u daljnjem tekstu &#8220;mi&#8221;, &#8220;nas&#8221;, &#8220;na\u0161&#8221; itd.) je vlasnik web stranice hallofgame.hr (&#8220;web stranica&#8221;). Na\u0161a Pravila privatnosti ovdje su kako bismo pokazali da brinemo o privatnosti na\u0161ih korisnika te ih informirali o na\u010dinima na koje prikupljamo i obra\u0111ujemo osobne podatke na ovoj web stranici. Pa\u017eljivo pro\u010ditajte ovu Politiku kako [&hellip;]\" \/>\n<meta property=\"og:url\" content=\"https:\/\/hog.hr\/hr\/politika-privatnosti\/\" \/>\n<meta property=\"og:site_name\" content=\"HOG - Hall Of Gaming\" \/>\n<meta property=\"article:publisher\" content=\"https:\/\/www.facebook.com\/hallofgameesports\/\" \/>\n<meta property=\"article:modified_time\" content=\"2023-08-30T19:05:32+00:00\" \/>\n<meta name=\"twitter:card\" content=\"summary_large_image\" \/>\n<meta name=\"twitter:site\" content=\"@hog_esport\" \/>\n<meta name=\"twitter:label1\" content=\"Procijenjeno vrijeme \u010ditanja\" \/>\n\t<meta name=\"twitter:data1\" content=\"3 minute\" \/>\n<script type=\"application\/ld+json\" class=\"yoast-schema-graph\">{\"@context\":\"https:\/\/schema.org\",\"@graph\":[{\"@type\":\"WebPage\",\"@id\":\"https:\/\/hog.hr\/politika-privatnosti\/\",\"url\":\"https:\/\/hog.hr\/politika-privatnosti\/\",\"name\":\"Politika privatnosti - HOG - Hall Of Gaming\",\"isPartOf\":{\"@id\":\"https:\/\/hog.hr\/#website\"},\"datePublished\":\"2023-08-20T10:02:29+00:00\",\"dateModified\":\"2023-08-30T19:05:32+00:00\",\"breadcrumb\":{\"@id\":\"https:\/\/hog.hr\/politika-privatnosti\/#breadcrumb\"},\"inLanguage\":\"hr\",\"potentialAction\":[{\"@type\":\"ReadAction\",\"target\":[\"https:\/\/hog.hr\/politika-privatnosti\/\"]}]},{\"@type\":\"BreadcrumbList\",\"@id\":\"https:\/\/hog.hr\/politika-privatnosti\/#breadcrumb\",\"itemListElement\":[{\"@type\":\"ListItem\",\"position\":1,\"name\":\"Home\",\"item\":\"https:\/\/hog.hr\/\"},{\"@type\":\"ListItem\",\"position\":2,\"name\":\"Politika privatnosti\"}]},{\"@type\":\"WebSite\",\"@id\":\"https:\/\/hog.hr\/#website\",\"url\":\"https:\/\/hog.hr\/\",\"name\":\"HOG - Hall Of Gaming\",\"description\":\"Gaming Arena\",\"publisher\":{\"@id\":\"https:\/\/hog.hr\/#organization\"},\"potentialAction\":[{\"@type\":\"SearchAction\",\"target\":{\"@type\":\"EntryPoint\",\"urlTemplate\":\"https:\/\/hog.hr\/?s={search_term_string}\"},\"query-input\":{\"@type\":\"PropertyValueSpecification\",\"valueRequired\":true,\"valueName\":\"search_term_string\"}}],\"inLanguage\":\"hr\"},{\"@type\":\"Organization\",\"@id\":\"https:\/\/hog.hr\/#organization\",\"name\":\"HOG - Hall Of Gaming\",\"url\":\"https:\/\/hog.hr\/\",\"logo\":{\"@type\":\"ImageObject\",\"inLanguage\":\"hr\",\"@id\":\"https:\/\/hog.hr\/#\/schema\/logo\/image\/\",\"url\":\"https:\/\/hog.hr\/wp-content\/uploads\/2023\/02\/HOG-logo.svg\",\"contentUrl\":\"https:\/\/hog.hr\/wp-content\/uploads\/2023\/02\/HOG-logo.svg\",\"width\":1366,\"height\":768,\"caption\":\"HOG - Hall Of Gaming\"},\"image\":{\"@id\":\"https:\/\/hog.hr\/#\/schema\/logo\/image\/\"},\"sameAs\":[\"https:\/\/www.facebook.com\/hallofgameesports\/\",\"https:\/\/x.com\/hog_esport\",\"https:\/\/www.instagram.com\/hogesport\/?hl=en\"]}]}<\/script>\n<!-- \/ Yoast SEO plugin. -->","yoast_head_json":{"title":"Politika privatnosti - HOG - Hall Of Gaming","robots":{"index":"index","follow":"follow","max-snippet":"max-snippet:-1","max-image-preview":"max-image-preview:large","max-video-preview":"max-video-preview:-1"},"canonical":"https:\/\/hog.hr\/hr\/politika-privatnosti\/","og_locale":"hr_HR","og_type":"article","og_title":"Politika privatnosti - HOG - Hall Of Gaming","og_description":"Politika privatnosti Hall of Game d.o.o. (u daljnjem tekstu &#8220;mi&#8221;, &#8220;nas&#8221;, &#8220;na\u0161&#8221; itd.) je vlasnik web stranice hallofgame.hr (&#8220;web stranica&#8221;). Na\u0161a Pravila privatnosti ovdje su kako bismo pokazali da brinemo o privatnosti na\u0161ih korisnika te ih informirali o na\u010dinima na koje prikupljamo i obra\u0111ujemo osobne podatke na ovoj web stranici. Pa\u017eljivo pro\u010ditajte ovu Politiku kako [&hellip;]","og_url":"https:\/\/hog.hr\/hr\/politika-privatnosti\/","og_site_name":"HOG - Hall Of Gaming","article_publisher":"https:\/\/www.facebook.com\/hallofgameesports\/","article_modified_time":"2023-08-30T19:05:32+00:00","twitter_card":"summary_large_image","twitter_site":"@hog_esport","twitter_misc":{"Procijenjeno vrijeme \u010ditanja":"3 minute"},"schema":{"@context":"https:\/\/schema.org","@graph":[{"@type":"WebPage","@id":"https:\/\/hog.hr\/politika-privatnosti\/","url":"https:\/\/hog.hr\/politika-privatnosti\/","name":"Politika privatnosti - HOG - Hall Of Gaming","isPartOf":{"@id":"https:\/\/hog.hr\/#website"},"datePublished":"2023-08-20T10:02:29+00:00","dateModified":"2023-08-30T19:05:32+00:00","breadcrumb":{"@id":"https:\/\/hog.hr\/politika-privatnosti\/#breadcrumb"},"inLanguage":"hr","potentialAction":[{"@type":"ReadAction","target":["https:\/\/hog.hr\/politika-privatnosti\/"]}]},{"@type":"BreadcrumbList","@id":"https:\/\/hog.hr\/politika-privatnosti\/#breadcrumb","itemListElement":[{"@type":"ListItem","position":1,"name":"Home","item":"https:\/\/hog.hr\/"},{"@type":"ListItem","position":2,"name":"Politika privatnosti"}]},{"@type":"WebSite","@id":"https:\/\/hog.hr\/#website","url":"https:\/\/hog.hr\/","name":"HOG - Hall Of Gaming","description":"Gaming Arena","publisher":{"@id":"https:\/\/hog.hr\/#organization"},"potentialAction":[{"@type":"SearchAction","target":{"@type":"EntryPoint","urlTemplate":"https:\/\/hog.hr\/?s={search_term_string}"},"query-input":{"@type":"PropertyValueSpecification","valueRequired":true,"valueName":"search_term_string"}}],"inLanguage":"hr"},{"@type":"Organization","@id":"https:\/\/hog.hr\/#organization","name":"HOG - Hall Of Gaming","url":"https:\/\/hog.hr\/","logo":{"@type":"ImageObject","inLanguage":"hr","@id":"https:\/\/hog.hr\/#\/schema\/logo\/image\/","url":"https:\/\/hog.hr\/wp-content\/uploads\/2023\/02\/HOG-logo.svg","contentUrl":"https:\/\/hog.hr\/wp-content\/uploads\/2023\/02\/HOG-logo.svg","width":1366,"height":768,"caption":"HOG - Hall Of Gaming"},"image":{"@id":"https:\/\/hog.hr\/#\/schema\/logo\/image\/"},"sameAs":["https:\/\/www.facebook.com\/hallofgameesports\/","https:\/\/x.com\/hog_esport","https:\/\/www.instagram.com\/hogesport\/?hl=en"]}]}},"_links":{"self":[{"href":"https:\/\/hog.hr\/hr\/wp-json\/wp\/v2\/pages\/6978","targetHints":{"allow":["GET"]}}],"collection":[{"href":"https:\/\/hog.hr\/hr\/wp-json\/wp\/v2\/pages"}],"about":[{"href":"https:\/\/hog.hr\/hr\/wp-json\/wp\/v2\/types\/page"}],"author":[{"embeddable":true,"href":"https:\/\/hog.hr\/hr\/wp-json\/wp\/v2\/users\/1"}],"replies":[{"embeddable":true,"href":"https:\/\/hog.hr\/hr\/wp-json\/wp\/v2\/comments?post=6978"}],"version-history":[{"count":0,"href":"https:\/\/hog.hr\/hr\/wp-json\/wp\/v2\/pages\/6978\/revisions"}],"wp:attachment":[{"href":"https:\/\/hog.hr\/hr\/wp-json\/wp\/v2\/media?parent=6978"}],"curies":[{"name":"wp","href":"https:\/\/api.w.org\/{rel}","templated":true}]}}