{"id":202,"date":"2023-02-19T15:07:05","date_gmt":"2023-02-19T15:07:05","guid":{"rendered":"https:\/\/www.hog.hr\/?page_id=202"},"modified":"2023-08-30T19:07:36","modified_gmt":"2023-08-30T19:07:36","slug":"politika-kolacica","status":"publish","type":"page","link":"https:\/\/hog.hr\/hr\/politika-kolacica\/","title":{"rendered":"Politika kola\u010di\u0107a"},"content":{"rendered":"<div data-elementor-type=\"wp-page\" data-elementor-id=\"202\" class=\"elementor elementor-202\" data-elementor-post-type=\"page\">\n\t\t\t\t<div class=\"elementor-element elementor-element-82a628b e-flex e-con-boxed e-con e-parent\" data-id=\"82a628b\" data-element_type=\"container\" data-e-type=\"container\" data-settings=\"{&quot;background_background&quot;:&quot;classic&quot;,&quot;jet_parallax_layout_list&quot;:[]}\">\n\t\t\t\t\t<div class=\"e-con-inner\">\n\t\t\t\t<div class=\"elementor-element elementor-element-0795538 elementor-widget elementor-widget-heading\" data-id=\"0795538\" data-element_type=\"widget\" data-e-type=\"widget\" data-settings=\"{&quot;ekit_we_effect_on&quot;:&quot;none&quot;}\" data-widget_type=\"heading.default\">\n\t\t\t\t<div class=\"elementor-widget-container\">\n\t\t\t\t\t<h2 class=\"elementor-heading-title elementor-size-default\">Politika kola\u010di\u0107a<\/h2>\t\t\t\t<\/div>\n\t\t\t\t<\/div>\n\t\t\t\t\t<\/div>\n\t\t\t\t<\/div>\n\t\t<div class=\"elementor-element elementor-element-1afcce8 e-flex e-con-boxed e-con e-parent\" data-id=\"1afcce8\" data-element_type=\"container\" data-e-type=\"container\" data-settings=\"{&quot;jet_parallax_layout_list&quot;:[]}\">\n\t\t\t\t\t<div class=\"e-con-inner\">\n\t\t\t\t<div class=\"elementor-element elementor-element-629d19c elementor-widget__width-initial elementor-widget-mobile__width-initial elementor-widget elementor-widget-text-editor\" data-id=\"629d19c\" data-element_type=\"widget\" data-e-type=\"widget\" data-settings=\"{&quot;ekit_we_effect_on&quot;:&quot;none&quot;}\" data-widget_type=\"text-editor.default\">\n\t\t\t\t<div class=\"elementor-widget-container\">\n\t\t\t\t\t\t\t\t\t<p>Na\u0161a politika kola\u010di\u0107a obja\u0161njava \u0161to su kola\u010di\u0107i, kako koristimo kola\u010di\u0107e, koje mogu\u0107nosti izbora imate u vezi s kola\u010di\u0107ima i kako mo\u017eete prona\u0107i dodatne informacije o kola\u010di\u0107ima. Kori\u0161tenjem ove web stranice pristajete na kori\u0161tenje kola\u010di\u0107a.<\/p><p><strong>\u0160to su to kola\u010di\u0107i?<\/strong><\/p><p>Kola\u010di\u0107 je informacija koju na va\u0161e ra\u010dunalo pohranjuje web stranica koju posjetite. Kola\u010di\u0107i obi\u010dno spremaju va\u0161e postavke, postavke web stranice, kao \u0161to su preferirani jezik ili adresa.<\/p><p>Kasnije, kada ponovno otvorite istu web stranicu, web preglednik \u0161alje natrag kola\u010di\u0107e koji pripadaju toj stranici. To web stranici omogu\u0107uje prikaz informacija prilago\u0111enih va\u0161im potrebama.<\/p><p>Kola\u010di\u0107i mogu spremati \u0161irok raspon informacija, uklju\u010duju\u0107i osobne podatke (kao \u0161to je va\u0161e ime ili adresa e-po\u0161te). Me\u0111utim, te se informacije mogu pohraniti samo ako vi to dopustite \u2013 web stranice ne mogu pristupiti informacijama koje niste dali i ne mogu pristupiti drugim datotekama na va\u0161em ra\u010dunalu.<\/p><p>Zadane aktivnosti pohranjivanja i slanja kola\u010di\u0107a nisu vam vidljive. Me\u0111utim, mo\u017eete promijeniti postavke svog web preglednika i odabrati \u017eelite li odobriti ili odbiti zahtjeve za pohranu kola\u010di\u0107a, automatski izbrisati pohranjene kola\u010di\u0107e kada zatvorite web preglednik i sli\u010dno.<\/p><p><strong>Koje kola\u010di\u0107e mi koristimo i za\u0161to?<\/strong><\/p><p>Privremeni kola\u010di\u0107i ili kola\u010di\u0107i sesije uklanjaju se s ra\u010dunala kada se web preglednik zatvori. Web stranice ih koriste za pohranjivanje privremenih podataka, kao \u0161to su stavke u ko\u0161arici za kupnju. Koristimo ih kako bismo omogu\u0107ili pristup sadr\u017eaju.<\/p><p>Trajni ili spremljeni kola\u010di\u0107i ostaju na va\u0161em ra\u010dunalu nakon \u0161to zatvorite web preglednik. Web stranice ih koriste za pohranjivanje informacija, kao \u0161to su ime za prijavu i lozinka, tako da se ne morate prijavljivati svaki put kada posjetite odre\u0111enu stranicu. Trajni kola\u010di\u0107i ostat \u0107e na va\u0161em ra\u010dunalu danima, mjesecima ili \u010dak godinama.<\/p><p>Koristimo trajne kola\u010di\u0107e kako bismo bolje razumjeli navike korisnika kako bismo mogli pobolj\u0161ati stranicu u skladu s va\u0161im navikama. Ove informacije su anonimne \u2013 ne vidimo pojedina\u010dne korisni\u010dke podatke.<\/p><p><strong>Lista kola\u010di\u0107a<\/strong><\/p><table><tbody><tr><td><strong>Kola\u010di\u0107<\/strong><\/td><td><strong>Ime<\/strong><\/td><td><strong>Svrha<\/strong><\/td><td><strong>Vrsta<\/strong><\/td><\/tr><tr><td>WordPress<\/td><td>rc::a<br \/>Rc::b<br \/>Rc::c<br \/>rc::d-15#<\/td><td>Ovo je kola\u010di\u0107 za kontrolu prihva\u0107anja neobaveznih kola\u010di\u0107a koji sprema va\u0161 izbor i traje 30 dana. Nakon \u0161to kola\u010di\u0107 istekne, ponovno \u0107ete vidjeti upit za prihva\u0107anje neobaveznih kola\u010di\u0107a na na\u0161oj web stranici. Neophodno.<\/td><td>Neophodno<\/td><\/tr><\/tbody><\/table>\t\t\t\t\t\t\t\t<\/div>\n\t\t\t\t<\/div>\n\t\t\t\t\t<\/div>\n\t\t\t\t<\/div>\n\t\t\t\t<\/div>","protected":false},"excerpt":{"rendered":"<p>Politika kola\u010di\u0107a Na\u0161a politika kola\u010di\u0107a obja\u0161njava \u0161to su kola\u010di\u0107i, kako koristimo kola\u010di\u0107e, koje mogu\u0107nosti izbora imate u vezi s kola\u010di\u0107ima i kako mo\u017eete prona\u0107i dodatne informacije o kola\u010di\u0107ima. Kori\u0161tenjem ove web stranice pristajete na kori\u0161tenje kola\u010di\u0107a. \u0160to su to kola\u010di\u0107i? Kola\u010di\u0107 je informacija koju na va\u0161e ra\u010dunalo pohranjuje web stranica koju posjetite. Kola\u010di\u0107i obi\u010dno spremaju [&hellip;]<\/p>\n","protected":false},"author":1,"featured_media":0,"parent":0,"menu_order":0,"comment_status":"closed","ping_status":"closed","template":"","meta":{"_eb_attr":"","footnotes":""},"class_list":["post-202","page","type-page","status-publish","hentry"],"yoast_head":"<!-- This site is optimized with the Yoast SEO plugin v27.2 - https:\/\/yoast.com\/product\/yoast-seo-wordpress\/ -->\n<title>Politika kola\u010di\u0107a - HOG - Hall Of Gaming<\/title>\n<meta name=\"robots\" content=\"index, follow, max-snippet:-1, max-image-preview:large, max-video-preview:-1\" \/>\n<link rel=\"canonical\" href=\"https:\/\/hog.hr\/hr\/politika-kolacica\/\" \/>\n<meta property=\"og:locale\" content=\"hr_HR\" \/>\n<meta property=\"og:type\" content=\"article\" \/>\n<meta property=\"og:title\" content=\"Politika kola\u010di\u0107a - HOG - Hall Of Gaming\" \/>\n<meta property=\"og:description\" content=\"Politika kola\u010di\u0107a Na\u0161a politika kola\u010di\u0107a obja\u0161njava \u0161to su kola\u010di\u0107i, kako koristimo kola\u010di\u0107e, koje mogu\u0107nosti izbora imate u vezi s kola\u010di\u0107ima i kako mo\u017eete prona\u0107i dodatne informacije o kola\u010di\u0107ima. Kori\u0161tenjem ove web stranice pristajete na kori\u0161tenje kola\u010di\u0107a. \u0160to su to kola\u010di\u0107i? Kola\u010di\u0107 je informacija koju na va\u0161e ra\u010dunalo pohranjuje web stranica koju posjetite. Kola\u010di\u0107i obi\u010dno spremaju [&hellip;]\" \/>\n<meta property=\"og:url\" content=\"https:\/\/hog.hr\/hr\/politika-kolacica\/\" \/>\n<meta property=\"og:site_name\" content=\"HOG - Hall Of Gaming\" \/>\n<meta property=\"article:publisher\" content=\"https:\/\/www.facebook.com\/hallofgameesports\/\" \/>\n<meta property=\"article:modified_time\" content=\"2023-08-30T19:07:36+00:00\" \/>\n<meta name=\"twitter:card\" content=\"summary_large_image\" \/>\n<meta name=\"twitter:site\" content=\"@hog_esport\" \/>\n<meta name=\"twitter:label1\" content=\"Procijenjeno vrijeme \u010ditanja\" \/>\n\t<meta name=\"twitter:data1\" content=\"2 minute\" \/>\n<script type=\"application\/ld+json\" class=\"yoast-schema-graph\">{\"@context\":\"https:\/\/schema.org\",\"@graph\":[{\"@type\":\"WebPage\",\"@id\":\"https:\/\/hog.hr\/politika-kolacica\/\",\"url\":\"https:\/\/hog.hr\/politika-kolacica\/\",\"name\":\"Politika kola\u010di\u0107a - HOG - Hall Of Gaming\",\"isPartOf\":{\"@id\":\"https:\/\/hog.hr\/#website\"},\"datePublished\":\"2023-02-19T15:07:05+00:00\",\"dateModified\":\"2023-08-30T19:07:36+00:00\",\"breadcrumb\":{\"@id\":\"https:\/\/hog.hr\/politika-kolacica\/#breadcrumb\"},\"inLanguage\":\"hr\",\"potentialAction\":[{\"@type\":\"ReadAction\",\"target\":[\"https:\/\/hog.hr\/politika-kolacica\/\"]}]},{\"@type\":\"BreadcrumbList\",\"@id\":\"https:\/\/hog.hr\/politika-kolacica\/#breadcrumb\",\"itemListElement\":[{\"@type\":\"ListItem\",\"position\":1,\"name\":\"Home\",\"item\":\"https:\/\/hog.hr\/\"},{\"@type\":\"ListItem\",\"position\":2,\"name\":\"Politika kola\u010di\u0107a\"}]},{\"@type\":\"WebSite\",\"@id\":\"https:\/\/hog.hr\/#website\",\"url\":\"https:\/\/hog.hr\/\",\"name\":\"HOG - Hall Of Gaming\",\"description\":\"Gaming Arena\",\"publisher\":{\"@id\":\"https:\/\/hog.hr\/#organization\"},\"potentialAction\":[{\"@type\":\"SearchAction\",\"target\":{\"@type\":\"EntryPoint\",\"urlTemplate\":\"https:\/\/hog.hr\/?s={search_term_string}\"},\"query-input\":{\"@type\":\"PropertyValueSpecification\",\"valueRequired\":true,\"valueName\":\"search_term_string\"}}],\"inLanguage\":\"hr\"},{\"@type\":\"Organization\",\"@id\":\"https:\/\/hog.hr\/#organization\",\"name\":\"HOG - Hall Of Gaming\",\"url\":\"https:\/\/hog.hr\/\",\"logo\":{\"@type\":\"ImageObject\",\"inLanguage\":\"hr\",\"@id\":\"https:\/\/hog.hr\/#\/schema\/logo\/image\/\",\"url\":\"https:\/\/hog.hr\/wp-content\/uploads\/2023\/02\/HOG-logo.svg\",\"contentUrl\":\"https:\/\/hog.hr\/wp-content\/uploads\/2023\/02\/HOG-logo.svg\",\"width\":1366,\"height\":768,\"caption\":\"HOG - Hall Of Gaming\"},\"image\":{\"@id\":\"https:\/\/hog.hr\/#\/schema\/logo\/image\/\"},\"sameAs\":[\"https:\/\/www.facebook.com\/hallofgameesports\/\",\"https:\/\/x.com\/hog_esport\",\"https:\/\/www.instagram.com\/hogesport\/?hl=en\"]}]}<\/script>\n<!-- \/ Yoast SEO plugin. -->","yoast_head_json":{"title":"Politika kola\u010di\u0107a - HOG - Hall Of Gaming","robots":{"index":"index","follow":"follow","max-snippet":"max-snippet:-1","max-image-preview":"max-image-preview:large","max-video-preview":"max-video-preview:-1"},"canonical":"https:\/\/hog.hr\/hr\/politika-kolacica\/","og_locale":"hr_HR","og_type":"article","og_title":"Politika kola\u010di\u0107a - HOG - Hall Of Gaming","og_description":"Politika kola\u010di\u0107a Na\u0161a politika kola\u010di\u0107a obja\u0161njava \u0161to su kola\u010di\u0107i, kako koristimo kola\u010di\u0107e, koje mogu\u0107nosti izbora imate u vezi s kola\u010di\u0107ima i kako mo\u017eete prona\u0107i dodatne informacije o kola\u010di\u0107ima. Kori\u0161tenjem ove web stranice pristajete na kori\u0161tenje kola\u010di\u0107a. \u0160to su to kola\u010di\u0107i? Kola\u010di\u0107 je informacija koju na va\u0161e ra\u010dunalo pohranjuje web stranica koju posjetite. Kola\u010di\u0107i obi\u010dno spremaju [&hellip;]","og_url":"https:\/\/hog.hr\/hr\/politika-kolacica\/","og_site_name":"HOG - Hall Of Gaming","article_publisher":"https:\/\/www.facebook.com\/hallofgameesports\/","article_modified_time":"2023-08-30T19:07:36+00:00","twitter_card":"summary_large_image","twitter_site":"@hog_esport","twitter_misc":{"Procijenjeno vrijeme \u010ditanja":"2 minute"},"schema":{"@context":"https:\/\/schema.org","@graph":[{"@type":"WebPage","@id":"https:\/\/hog.hr\/politika-kolacica\/","url":"https:\/\/hog.hr\/politika-kolacica\/","name":"Politika kola\u010di\u0107a - HOG - Hall Of Gaming","isPartOf":{"@id":"https:\/\/hog.hr\/#website"},"datePublished":"2023-02-19T15:07:05+00:00","dateModified":"2023-08-30T19:07:36+00:00","breadcrumb":{"@id":"https:\/\/hog.hr\/politika-kolacica\/#breadcrumb"},"inLanguage":"hr","potentialAction":[{"@type":"ReadAction","target":["https:\/\/hog.hr\/politika-kolacica\/"]}]},{"@type":"BreadcrumbList","@id":"https:\/\/hog.hr\/politika-kolacica\/#breadcrumb","itemListElement":[{"@type":"ListItem","position":1,"name":"Home","item":"https:\/\/hog.hr\/"},{"@type":"ListItem","position":2,"name":"Politika kola\u010di\u0107a"}]},{"@type":"WebSite","@id":"https:\/\/hog.hr\/#website","url":"https:\/\/hog.hr\/","name":"HOG - Hall Of Gaming","description":"Gaming Arena","publisher":{"@id":"https:\/\/hog.hr\/#organization"},"potentialAction":[{"@type":"SearchAction","target":{"@type":"EntryPoint","urlTemplate":"https:\/\/hog.hr\/?s={search_term_string}"},"query-input":{"@type":"PropertyValueSpecification","valueRequired":true,"valueName":"search_term_string"}}],"inLanguage":"hr"},{"@type":"Organization","@id":"https:\/\/hog.hr\/#organization","name":"HOG - Hall Of Gaming","url":"https:\/\/hog.hr\/","logo":{"@type":"ImageObject","inLanguage":"hr","@id":"https:\/\/hog.hr\/#\/schema\/logo\/image\/","url":"https:\/\/hog.hr\/wp-content\/uploads\/2023\/02\/HOG-logo.svg","contentUrl":"https:\/\/hog.hr\/wp-content\/uploads\/2023\/02\/HOG-logo.svg","width":1366,"height":768,"caption":"HOG - Hall Of Gaming"},"image":{"@id":"https:\/\/hog.hr\/#\/schema\/logo\/image\/"},"sameAs":["https:\/\/www.facebook.com\/hallofgameesports\/","https:\/\/x.com\/hog_esport","https:\/\/www.instagram.com\/hogesport\/?hl=en"]}]}},"_links":{"self":[{"href":"https:\/\/hog.hr\/hr\/wp-json\/wp\/v2\/pages\/202","targetHints":{"allow":["GET"]}}],"collection":[{"href":"https:\/\/hog.hr\/hr\/wp-json\/wp\/v2\/pages"}],"about":[{"href":"https:\/\/hog.hr\/hr\/wp-json\/wp\/v2\/types\/page"}],"author":[{"embeddable":true,"href":"https:\/\/hog.hr\/hr\/wp-json\/wp\/v2\/users\/1"}],"replies":[{"embeddable":true,"href":"https:\/\/hog.hr\/hr\/wp-json\/wp\/v2\/comments?post=202"}],"version-history":[{"count":0,"href":"https:\/\/hog.hr\/hr\/wp-json\/wp\/v2\/pages\/202\/revisions"}],"wp:attachment":[{"href":"https:\/\/hog.hr\/hr\/wp-json\/wp\/v2\/media?parent=202"}],"curies":[{"name":"wp","href":"https:\/\/api.w.org\/{rel}","templated":true}]}}